{"id":3271,"date":"2023-11-14T12:03:14","date_gmt":"2023-11-14T11:03:14","guid":{"rendered":"https:\/\/lluche.com\/?page_id=3271"},"modified":"2023-11-29T12:17:32","modified_gmt":"2023-11-29T11:17:32","slug":"canal-de-denuncias","status":"publish","type":"page","link":"https:\/\/lluche.com\/es\/canal-de-denuncias\/","title":{"rendered":"Canal de denuncias"},"content":{"rendered":"<p>LLUCH ESSENCE tiene el compromiso de promover, garantizar e incentivar las mejores pol\u00edticas, est\u00e1ndares \u00e9ticos y buenas pr\u00e1cticas, para velar por el cumplimiento normativo y evitar delitos.<\/p>\n<p>Para ello, ponemos a disposici\u00f3n este Canal de Denuncias que permite:<\/p>\n<ul>\n<li>Informar de forma confidencial sobre il\u00edcitos penales e incumplimientos graves o muy graves.<\/li>\n<li>Informar de forma confidencial sobre incumplimientos de los c\u00f3digos \u00e9ticos o de conducta.<\/li>\n<\/ul>\n<p>En cumplimiento de la Ley 2\/2023, de 20 de febrero, reguladora de la protecci\u00f3n de las personas que informen sobre infracciones normativas y de lucha contra la corrupci\u00f3n, LLUCH ESSENCE ha implantado este Canal de Denuncias como cauce para que las personas f\u00edsicas puedan comunicar informaci\u00f3n obtenida en un contexto laboral o profesional sobre infracciones penales, infracciones administrativas graves o muy graves, e infracciones del Derecho de la Uni\u00f3n Europea.<\/p>\n<p>LLUCH ESSENCE garantiza a las personas denunciantes, afectadas por cualquiera de sus actuaciones:<\/p>\n<ul>\n<li>La confidencialidad de todos los datos y antecedentes manejados.<\/li>\n<li>El an\u00e1lisis exhaustivo y objetivo de cualquier dato.<\/li>\n<li>Que actuar\u00e1 siempre con pleno respeto del derecho de audiencia y de la presunci\u00f3n de inocencia de cualquier persona afectada.<\/li>\n<li>La ausencia de represalias contra cualquier informante y de cualquier otra persona colaboradora.<\/li>\n<\/ul>\n<p><strong><br \/>\nRellene el formulario con sus datos para tramitar su comunicaci\u00f3n.<\/strong><\/p>\n<p>&nbsp;<\/p>\n<p class=\"wpcf7-contact-form-not-found\"><strong>Error:<\/strong> Formulario de contacto no encontrado.<\/p>\n<p>&nbsp;<\/p>\n","protected":false},"excerpt":{"rendered":"<p>LLUCH ESSENCE tiene el compromiso de promover, garantizar e incentivar las mejores pol&iacute;ticas, est&aacute;ndares &eacute;ticos y buenas pr&aacute;cticas, para velar por el cumplimiento normativo y evitar delitos. Para ello, ponemos a disposici&oacute;n este Canal de Denuncias que permite: Informar de forma confidencial sobre il&iacute;citos penales e incumplimientos graves o muy graves. Informar de forma confidencial [&hellip;]<\/p>\n","protected":false},"author":1,"featured_media":0,"parent":0,"menu_order":0,"comment_status":"closed","ping_status":"closed","template":"","meta":{"_acf_changed":false,"bgseo_title":"","bgseo_description":"","bgseo_robots_index":"","bgseo_robots_follow":"","om_disable_all_campaigns":false,"inline_featured_image":false,"_monsterinsights_skip_tracking":false,"_monsterinsights_sitenote_active":false,"_monsterinsights_sitenote_note":"","_monsterinsights_sitenote_category":0,"footnotes":""},"class_list":["post-3271","page","type-page","status-publish","hentry"],"acf":[],"aioseo_notices":[],"_links":{"self":[{"href":"https:\/\/lluche.com\/es\/wp-json\/wp\/v2\/pages\/3271","targetHints":{"allow":["GET"]}}],"collection":[{"href":"https:\/\/lluche.com\/es\/wp-json\/wp\/v2\/pages"}],"about":[{"href":"https:\/\/lluche.com\/es\/wp-json\/wp\/v2\/types\/page"}],"author":[{"embeddable":true,"href":"https:\/\/lluche.com\/es\/wp-json\/wp\/v2\/users\/1"}],"replies":[{"embeddable":true,"href":"https:\/\/lluche.com\/es\/wp-json\/wp\/v2\/comments?post=3271"}],"version-history":[{"count":10,"href":"https:\/\/lluche.com\/es\/wp-json\/wp\/v2\/pages\/3271\/revisions"}],"predecessor-version":[{"id":3336,"href":"https:\/\/lluche.com\/es\/wp-json\/wp\/v2\/pages\/3271\/revisions\/3336"}],"wp:attachment":[{"href":"https:\/\/lluche.com\/es\/wp-json\/wp\/v2\/media?parent=3271"}],"curies":[{"name":"wp","href":"https:\/\/api.w.org\/{rel}","templated":true}]}}