{"id":3,"date":"2021-10-13T11:43:38","date_gmt":"2021-10-13T11:43:38","guid":{"rendered":"https:\/\/lluche.com\/?page_id=3"},"modified":"2023-11-24T12:41:29","modified_gmt":"2023-11-24T11:41:29","slug":"politica-de-privacidad","status":"publish","type":"page","link":"https:\/\/lluche.com\/es\/politica-de-privacidad\/","title":{"rendered":"Pol\u00edtica de privacidad"},"content":{"rendered":"<p><strong>POL\u00cdTICA DE PRIVACIDAD<\/strong><\/p>\n<p>&nbsp;<\/p>\n<p>En cumplimiento de lo dispuesto en el Reglamento UE 2016\/679 General de Protecci\u00f3n de Datos (RGPD) y la Ley Org\u00e1nica 3\/2018 de Protecci\u00f3n de Datos Personales y de garant\u00eda de derechos digitales (LOPDGDD) le informamos a continuaci\u00f3n de la pol\u00edtica de privacidad de LLUCH ESSENCE, S.L.U. relativa al tratamiento de datos personales.<\/p>\n<p><strong>\u00a0<\/strong><\/p>\n<p><strong>RESPONSABLE DEL TRATAMIENTO<\/strong><\/p>\n<p>Se informa a los usuarios que el Responsable del tratamiento de los datos personales recogidos a trav\u00e9s esta p\u00e1gina web es LLUCH ESSENCE S.L.U. con CIF: B62129267 y domicilio social en C\/ Lo Gaiter, 160, 08820 Prat de Llobregat, Barcelona (Espa\u00f1a).<\/p>\n<p>Los usuarios podr\u00e1n ponerse en contacto con el Responsable enviando un correo electr\u00f3nico a\u00a0<a href=\"mailto:data.protection@lluche.com\">data.protection@lluche.com<\/a>.<\/p>\n<p><strong>\u00a0<\/strong><\/p>\n<p><strong>CATEGOR\u00cdAS DE DATOS<\/strong><\/p>\n<p>En los formularios de recogida de datos de p\u00e1gina esta web s\u00f3lo se recogen los datos necesarios e imprescindibles para la ejecuci\u00f3n de las distintas funcionalidades. En particular, datos identificativos (nombre, apellidos, email de contacto) de usuarios y profesionales.<\/p>\n<p>En el caso de solicitantes de empleo o posibles colaboradores se recogen los datos necesarios para poder valorar las ofertas.<\/p>\n<p><strong>\u00a0<\/strong><\/p>\n<p><strong>FINALIDADES<\/strong><\/p>\n<p><strong>\u00a0<\/strong><\/p>\n<ul>\n<li><strong>Formulario de Contacto:<\/strong><\/li>\n<\/ul>\n<p>La finalidad de este tratamiento ser\u00e1 la contestaci\u00f3n a su consulta, atender su petici\u00f3n o solucionar la cuesti\u00f3n planteada En este caso sus datos personales se conservar\u00e1n el tiempo necesario para atender su consulta y posteriormente ser\u00e1n bloqueados durante el tiempo que sea imprescindible para cumplir con las obligaciones legales a las que la compa\u00f1\u00eda venga obligada.<\/p>\n<p>&nbsp;<\/p>\n<ul>\n<li><strong>Formulario de Inscripci\u00f3n en Oferta:<\/strong><\/li>\n<\/ul>\n<p>La finalidad de este tratamiento es la tramitaci\u00f3n de su candidatura en la oferta en la que se ha inscrito o en otras ofertas activas, en las que pudiera encajar el perfil del interesado. Conservaremos sus datos durante un m\u00e1ximo de dos a\u00f1os salvo que Vd. nos manifieste lo contrario y posteriormente el tiempo imprescindible para el cumplimiento de obligaciones legales.<\/p>\n<ul>\n<li><strong>Formularios de env\u00edo de Curr\u00edculum:<\/strong><\/li>\n<\/ul>\n<p>La finalidad de este tratamiento ser\u00e1 la participaci\u00f3n en procesos de selecci\u00f3n que la compa\u00f1\u00eda tenga abiertos o abra en un futuro. Conservaremos sus datos durante un m\u00e1ximo de dos a\u00f1os salvo que Vd. nos manifieste lo contrario y posteriormente el tiempo imprescindible para el cumplimiento de obligaciones legales.<\/p>\n<ul>\n<li><strong>Newsletter y env\u00edos comerciales <\/strong><\/li>\n<\/ul>\n<p>Si Vd. marca la correspondiente casilla, podremos utilizar sus datos con la finalidad de mantenerle informado de nuestras novedades, actividades y otra informaci\u00f3n que pueda resultar de su inter\u00e9s y relacionada con la actividad de la compa\u00f1\u00eda.<\/p>\n<p>Conservaremos sus datos en tanto Vd. no nos manifieste su oposici\u00f3n y en todo caso un m\u00e1ximo de 5 a\u00f1os a partir de la \u00faltima confirmaci\u00f3n de inter\u00e9s-<\/p>\n<ul>\n<li><strong>Canal de denuncias<\/strong><\/li>\n<\/ul>\n<p>Se ha habilitado un sitio espec\u00edfico para la formulaci\u00f3n de denuncias en cumplimiento de lo dispuesto en la Ley 2\/2023 de 20 de febrero, reguladora de la protecci\u00f3n de las personas que informen sobre infracciones normativas y de lucha contra la corrupci\u00f3n.<\/p>\n<p>Conservaremos los datos durante los plazos indicados en la citada normativa.<\/p>\n<p><strong>\u00a0<\/strong><\/p>\n<p><strong>LEGITIMACI\u00d3N<\/strong><\/p>\n<p>La base legal que legitima el tratamiento de los datos personales ser\u00e1 la siguiente:<\/p>\n<ul>\n<li>Formularios de contacto: El consentimiento del interesado y la correcta ejecuci\u00f3n de la consulta o petici\u00f3n realizada.<\/li>\n<li>Formularios de env\u00edo de Curr\u00edculum: el consentimiento del interesado.<\/li>\n<li>Formularios de Inscripci\u00f3n en Oferta: el consentimiento del interesado.<\/li>\n<li>Newsletter y env\u00edos de comunicaciones comerciales: el consentimiento del interesado.<\/li>\n<li>Canal de denuncias: cumplimiento de una obligaci\u00f3n legal de acuerdo con lo dispuesto en la Ley 2\/2023.<\/li>\n<\/ul>\n<p><strong>DESTINATARIOS<\/strong><\/p>\n<p>El Responsable de tratamiento podr\u00e1 comunicar los datos personales del usuario a empresas del grupo siempre que dicha comunicaci\u00f3n est\u00e9 relacionada con la petici\u00f3n o consulta formulada o para cuestiones administrativas internas. Igualmente podr\u00e1n ser destinatarios de los datos las Administraciones P\u00fablicas u otras entidades (financieras, aseguradoras), tribunales, Fuerzas y Cuerpos de seguridad del Estado a fin de cumplir con los contratos con los clientes y proveedores y a las obligaciones legales a las que la compa\u00f1\u00eda venga obligada.<\/p>\n<p>Para el caso de los CVs, los datos podr\u00e1n ser comunicados a otras empresas del Grupo.<\/p>\n<p>Lluch Essence, S.L.U. puede trabajar con determinados proveedores de servicios que tienen acceso a datos personales (consultor\u00edas, profesionales externos, etc). Con todos ellos se han suscrito los correspondientes acuerdos de tratamiento de datos a fin de regular dicho acceso y exigir el cumplimiento de la normativa de protecci\u00f3n de datos personales.<\/p>\n<p>Es posible que se utilicen herramientas y proveedores ubicados fuera de la Uni\u00f3n Europea (Microsoft 365 o Salesforce) pero nos hemos asegurado de que se han adoptado las medidas y garant\u00edas establecidas en el Reglamento General de Protecci\u00f3n de Datos para las transferencias internacionales (cl\u00e1usulas contractuales tipo, entre otras).<\/p>\n<p><strong>\u00a0<\/strong><\/p>\n<p><strong>DERECHOS<\/strong><\/p>\n<p>Los usuarios de la web no tienen ninguna obligaci\u00f3n de facilitar sus datos personales, pero en caso de no hacerlo, es posible que no se puedan llevar a cabo los servicios que se prestan a trav\u00e9s de nuestra p\u00e1gina web.<\/p>\n<p>El Responsable informa que los usuarios tienen derecho a acceder, rectificar, suprimir sus datos as\u00ed como el derecho a la limitaci\u00f3n del tratamiento, oposici\u00f3n y la portabilidad de sus datos en los supuestos recogidos en el Reglamento (UE) 216\/679 General de Protecci\u00f3n de Datos (RGPD).<\/p>\n<p>En el caso de que el tratamiento est\u00e9 basado en el consentimiento, el usuario siempre podr\u00e1 revocar el consentimiento para el tratamiento de sus datos.<\/p>\n<p>Para el ejercicio de estos derechos se deber\u00e1 enviar un correo electr\u00f3nico a <a href=\"mailto:data.protection@lluche.com\">data.protection@lluche.com<\/a>.<\/p>\n<p>Para ello deber\u00e1 acreditar su identidad expresando qu\u00e9 derecho desea ejercer.<\/p>\n<p>En caso de que los usuarios vean violados sus derechos, podr\u00e1n presentar la correspondiente reclamaci\u00f3n ante la Agencia Espa\u00f1ola de Protecci\u00f3n de Datos (www.agpd.es). En todo caso, tenemos un s\u00f3lido compromiso con la privacidad y haremos todo lo posible por solucionar cualquier cuesti\u00f3n relativa a protecci\u00f3n de datos en la direcci\u00f3n\u00a0<a href=\"mailto:data.protection@lluche.com\">data.protection@lluche.com<\/a>.<\/p>\n<p><strong>Aceptaci\u00f3n y Consentimiento<\/strong><\/p>\n<p>El Usuario declara haber sido informado de las condiciones sobre protecci\u00f3n de datos de car\u00e1cter personal, aceptando y consintiendo el tratamiento de los mismos por parte de LLUCH ESSENCE S.L.U., en la forma y para las finalidades indicadas en la presente Pol\u00edtica de Protecci\u00f3n de Datos Personales.<\/p>\n<p><strong>Cambios en la presente pol\u00edtica de privacidad<\/strong><\/p>\n<p>\u00a0LLUCH ESSENCE S.L.U. se reserva el derecho a modificar la presente pol\u00edtica para adaptarla a novedades legislativas o jurisprudenciales, as\u00ed como a pr\u00e1cticas de la industria.<\/p>\n<p>La \u00faltima actualizaci\u00f3n de la Pol\u00edtica de Privacidad es de Noviembre de 2023.<\/p>\n","protected":false},"excerpt":{"rendered":"<p>POL&Iacute;TICA DE PRIVACIDAD &nbsp; En cumplimiento de lo dispuesto en el Reglamento UE 2016\/679 General de Protecci&oacute;n de Datos (RGPD) y la Ley Org&aacute;nica 3\/2018 de Protecci&oacute;n de Datos Personales y de garant&iacute;a de derechos digitales (LOPDGDD) le informamos a continuaci&oacute;n de la pol&iacute;tica de privacidad de LLUCH ESSENCE, S.L.U. relativa al tratamiento de datos [&hellip;]<\/p>\n","protected":false},"author":1,"featured_media":0,"parent":0,"menu_order":0,"comment_status":"closed","ping_status":"closed","template":"","meta":{"_acf_changed":false,"bgseo_title":"","bgseo_description":"","bgseo_robots_index":"","bgseo_robots_follow":"","om_disable_all_campaigns":false,"inline_featured_image":false,"_monsterinsights_skip_tracking":false,"_monsterinsights_sitenote_active":false,"_monsterinsights_sitenote_note":"","_monsterinsights_sitenote_category":0,"footnotes":""},"class_list":["post-3","page","type-page","status-publish","hentry"],"acf":[],"aioseo_notices":[],"_links":{"self":[{"href":"https:\/\/lluche.com\/es\/wp-json\/wp\/v2\/pages\/3","targetHints":{"allow":["GET"]}}],"collection":[{"href":"https:\/\/lluche.com\/es\/wp-json\/wp\/v2\/pages"}],"about":[{"href":"https:\/\/lluche.com\/es\/wp-json\/wp\/v2\/types\/page"}],"author":[{"embeddable":true,"href":"https:\/\/lluche.com\/es\/wp-json\/wp\/v2\/users\/1"}],"replies":[{"embeddable":true,"href":"https:\/\/lluche.com\/es\/wp-json\/wp\/v2\/comments?post=3"}],"version-history":[{"count":1,"href":"https:\/\/lluche.com\/es\/wp-json\/wp\/v2\/pages\/3\/revisions"}],"predecessor-version":[{"id":3298,"href":"https:\/\/lluche.com\/es\/wp-json\/wp\/v2\/pages\/3\/revisions\/3298"}],"wp:attachment":[{"href":"https:\/\/lluche.com\/es\/wp-json\/wp\/v2\/media?parent=3"}],"curies":[{"name":"wp","href":"https:\/\/api.w.org\/{rel}","templated":true}]}}