{"id":1621,"date":"2022-04-07T09:17:12","date_gmt":"2022-04-07T07:17:12","guid":{"rendered":"https:\/\/lluche.com\/lluch-essence-history\/"},"modified":"2025-03-31T11:13:28","modified_gmt":"2025-03-31T09:13:28","slug":"historia","status":"publish","type":"page","link":"https:\/\/lluche.com\/es\/historia\/","title":{"rendered":"Historia"},"content":{"rendered":"<div class=\"boldgrid-section\">\n<div class=\"container\">\n<div class=\"row\">\n<div class=\"col-lg-12 col-md-12 col-xs-12 col-sm-12\">\n<p class=\"\">Nuestra empresa fue fundada en 1939 por Jose Maria Lluch de Grau y Alberto Lluch Boada, aut\u00e9nticos pioneros en el sector. Lluch Essence naci\u00f3 como una empresa local que, en sus 80 a\u00f1os de historia, se ha expandido internacionalmente hasta convertirse en un socio clave global. El legado del fundador de Lluch no solo est\u00e1 relacionado con el crecimiento exponencial de la empresa, sino tambi\u00e9n con nuestra conciencia empresarial<\/p>\n<\/div>\n<\/div>\n<\/div>\n<\/div>\n","protected":false},"excerpt":{"rendered":"<p>Nuestra empresa fue fundada en 1939 por Jose Maria Lluch de Grau y Alberto Lluch Boada, aut&eacute;nticos pioneros en el sector. Lluch Essence naci&oacute; como una empresa local que, en sus 80 a&ntilde;os de historia, se ha expandido internacionalmente hasta convertirse en un socio clave global. El legado del fundador de Lluch no solo est&aacute; [&hellip;]<\/p>\n","protected":false},"author":1,"featured_media":0,"parent":0,"menu_order":0,"comment_status":"closed","ping_status":"closed","template":"lluch-essence-history-tpl.php","meta":{"_acf_changed":false,"bgseo_title":"","bgseo_description":"","bgseo_robots_index":"index","bgseo_robots_follow":"follow","om_disable_all_campaigns":false,"inline_featured_image":false,"_monsterinsights_skip_tracking":false,"_monsterinsights_sitenote_active":false,"_monsterinsights_sitenote_note":"","_monsterinsights_sitenote_category":0,"footnotes":""},"class_list":["post-1621","page","type-page","status-publish","hentry"],"acf":[],"aioseo_notices":[],"_links":{"self":[{"href":"https:\/\/lluche.com\/es\/wp-json\/wp\/v2\/pages\/1621","targetHints":{"allow":["GET"]}}],"collection":[{"href":"https:\/\/lluche.com\/es\/wp-json\/wp\/v2\/pages"}],"about":[{"href":"https:\/\/lluche.com\/es\/wp-json\/wp\/v2\/types\/page"}],"author":[{"embeddable":true,"href":"https:\/\/lluche.com\/es\/wp-json\/wp\/v2\/users\/1"}],"replies":[{"embeddable":true,"href":"https:\/\/lluche.com\/es\/wp-json\/wp\/v2\/comments?post=1621"}],"version-history":[{"count":4,"href":"https:\/\/lluche.com\/es\/wp-json\/wp\/v2\/pages\/1621\/revisions"}],"predecessor-version":[{"id":4303,"href":"https:\/\/lluche.com\/es\/wp-json\/wp\/v2\/pages\/1621\/revisions\/4303"}],"wp:attachment":[{"href":"https:\/\/lluche.com\/es\/wp-json\/wp\/v2\/media?parent=1621"}],"curies":[{"name":"wp","href":"https:\/\/api.w.org\/{rel}","templated":true}]}}